{"id":1944,"date":"2025-10-10T11:46:25","date_gmt":"2025-10-10T11:46:25","guid":{"rendered":"https:\/\/books.bjelac.com\/?post_type=product&#038;p=1944"},"modified":"2026-04-15T10:46:13","modified_gmt":"2026-04-15T10:46:13","slug":"verstand-ausschalten","status":"publish","type":"product","link":"https:\/\/bjelac.com\/sr\/product\/verstand-ausschalten\/","title":{"rendered":"Verstand ausschalten: Sich selbst und den Lebenssinn erkennen"},"content":{"rendered":"<p data-start=\"613\" data-end=\"747\">Nikada nemoj biti protiv ne\u010dega. Budi za ne\u0161to. Kada si protiv, to zna\u010di borbu. Kada si za, to zna\u010di stremljenje ka ne\u010demu. Tada svoju energiju usmerava\u0161 na stvaranje ne\u010dega. Zapamti! Biti protiv je poku\u0161aj da se energija zaustavi, dok je stremljenje ka ne\u010demu usmeravanje energije. Energija koju poku\u0161ava\u0161 da zaustavi\u0161 stvara u tebi komplekse. Poku\u0161aj da se energija zaustavi zna\u010di biti protiv prirodnog toka, a to stvara bolest. Boriti se protiv ne\u010dega \u2014 protiv nasilja, besa, zavisti \u2014 zna\u010di usmeravati energiju upravo na njih, a to zna\u010di negovati i ja\u010dati negativno. Zato je potrebno misliti pozitivno. Usmeri svoju energiju na pozitivno. Mr\u017enju ne mo\u017ee\u0161 pobediti. Ta borba je osu\u0111ena na neuspeh. Ako u sebi \u017eivi\u0161 ljubav, ako su tvoje misli usmerene na ljubav, mr\u017enja \u0107e nestati. Svako pozitivno mi\u0161ljenje \u010dini upravo to \u2014 uklanja negativnost. Razmi\u0161ljaju\u0107i o negativnom, mi ga samo ja\u010damo. Ako mo\u017ee\u0161 da stvori\u0161 pakao u sebi, onda mo\u017ee\u0161 stvoriti i raj. Dovoljno je da svoj um usmeri\u0161 na raj \u2014 pakao \u0107e nestati. Um razmi\u0161lja o raju i paklu kao o dva odvojena mesta i ne razume kako jedno mesto mo\u017ee nestati ako o njemu ne mislimo. To nisu dva mesta. To su samo dva na\u010dina da do\u017eivimo sve u sebi i oko sebe. U\u010de nas da doga\u0111aje prihvatamo na odre\u0111eni na\u010din, i to u nama stvara ose\u0107aje raja ili pakla. Spoznaj sebe \u2014 sve ostalo \u0107e ti biti dato.<\/p>","protected":false},"excerpt":{"rendered":"<p data-start=\"382\" data-end=\"611\">Lerne, deine Energie auf das Positive zu lenken \u2013 nicht gegen etwas zu k\u00e4mpfen, sondern f\u00fcr etwas zu leben.<br data-start=\"493\" data-end=\"496\" \/>Wenn du Liebe in dir tr\u00e4gst, verschwindet Hass von selbst.<br data-start=\"554\" data-end=\"557\" \/>Wenn du das Gute siehst, l\u00f6st sich das Negative auf.<\/p>\n<p data-start=\"613\" data-end=\"747\"><em data-start=\"617\" data-end=\"684\">Himmel und H\u00f6lle sind keine Orte \u2013 sie sind Zust\u00e4nde des Geistes.<\/em><br data-start=\"684\" data-end=\"687\" \/>Wer sich selbst erkennt, findet Frieden und innere Freiheit.<\/p>","protected":false},"featured_media":1945,"comment_status":"open","ping_status":"closed","template":"","meta":{"_surecart_dashboard_logo_width":"180px","_surecart_dashboard_show_logo":true,"_surecart_dashboard_navigation_orders":true,"_surecart_dashboard_navigation_invoices":true,"_surecart_dashboard_navigation_subscriptions":true,"_surecart_dashboard_navigation_downloads":true,"_surecart_dashboard_navigation_billing":true,"_surecart_dashboard_navigation_account":true,"_uag_custom_page_level_css":"","site-sidebar-layout":"default","site-content-layout":"","ast-site-content-layout":"default","site-content-style":"default","site-sidebar-style":"default","ast-global-header-display":"","ast-banner-title-visibility":"","ast-main-header-display":"","ast-hfb-above-header-display":"","ast-hfb-below-header-display":"","ast-hfb-mobile-header-display":"","site-post-title":"","ast-breadcrumbs-content":"","ast-featured-img":"","footer-sml-layout":"","ast-disable-related-posts":"","theme-transparent-header-meta":"default","adv-header-id-meta":"","stick-header-meta":"","header-above-stick-meta":"","header-main-stick-meta":"","header-below-stick-meta":"","astra-migrate-meta-layouts":"set","ast-page-background-enabled":"default","ast-page-background-meta":{"desktop":{"background-color":"","background-image":"","background-repeat":"repeat","background-position":"center center","background-size":"auto","background-attachment":"scroll","background-type":"","background-media":"","overlay-type":"","overlay-color":"","overlay-opacity":"","overlay-gradient":""},"tablet":{"background-color":"","background-image":"","background-repeat":"repeat","background-position":"center center","background-size":"auto","background-attachment":"scroll","background-type":"","background-media":"","overlay-type":"","overlay-color":"","overlay-opacity":"","overlay-gradient":""},"mobile":{"background-color":"","background-image":"","background-repeat":"repeat","background-position":"center center","background-size":"auto","background-attachment":"scroll","background-type":"","background-media":"","overlay-type":"","overlay-color":"","overlay-opacity":"","overlay-gradient":""}},"ast-content-background-meta":{"desktop":{"background-color":"var(--ast-global-color-5)","background-image":"","background-repeat":"repeat","background-position":"center center","background-size":"auto","background-attachment":"scroll","background-type":"","background-media":"","overlay-type":"","overlay-color":"","overlay-opacity":"","overlay-gradient":""},"tablet":{"background-color":"var(--ast-global-color-5)","background-image":"","background-repeat":"repeat","background-position":"center center","background-size":"auto","background-attachment":"scroll","background-type":"","background-media":"","overlay-type":"","overlay-color":"","overlay-opacity":"","overlay-gradient":""},"mobile":{"background-color":"var(--ast-global-color-5)","background-image":"","background-repeat":"repeat","background-position":"center center","background-size":"auto","background-attachment":"scroll","background-type":"","background-media":"","overlay-type":"","overlay-color":"","overlay-opacity":"","overlay-gradient":""}}},"product_brand":[],"product_cat":[21],"product_tag":[24,30,29,26,25,27,28,23],"class_list":{"0":"post-1944","1":"product","2":"type-product","3":"status-publish","4":"has-post-thumbnail","6":"product_cat-books","7":"product_tag-bewusstsein","8":"product_tag-buch","9":"product_tag-inspiration","10":"product_tag-lebensweisheiten","11":"product_tag-personlichkeitsentwicklung","12":"product_tag-philosophie","13":"product_tag-positives-denken","14":"product_tag-spiritualitat","15":"desktop-align-left","16":"tablet-align-left","17":"mobile-align-left","19":"first","20":"instock","21":"featured","22":"taxable","23":"shipping-taxable","24":"purchasable","25":"product-type-simple"},"uagb_featured_image_src":{"full":["https:\/\/bjelac.com\/wp-content\/uploads\/2025\/10\/Verstand-ausschalten-0.jpg",424,599,false],"thumbnail":["https:\/\/bjelac.com\/wp-content\/uploads\/2025\/10\/Verstand-ausschalten-0-150x150.jpg",150,150,true],"medium":["https:\/\/bjelac.com\/wp-content\/uploads\/2025\/10\/Verstand-ausschalten-0-212x300.jpg",212,300,true],"medium_large":["https:\/\/bjelac.com\/wp-content\/uploads\/2025\/10\/Verstand-ausschalten-0.jpg",424,599,false],"large":["https:\/\/bjelac.com\/wp-content\/uploads\/2025\/10\/Verstand-ausschalten-0.jpg",424,599,false],"1536x1536":["https:\/\/bjelac.com\/wp-content\/uploads\/2025\/10\/Verstand-ausschalten-0.jpg",424,599,false],"2048x2048":["https:\/\/bjelac.com\/wp-content\/uploads\/2025\/10\/Verstand-ausschalten-0.jpg",424,599,false],"trp-custom-language-flag":["https:\/\/bjelac.com\/wp-content\/uploads\/2025\/10\/Verstand-ausschalten-0.jpg",8,12,false],"mailpoet_newsletter_max":["https:\/\/bjelac.com\/wp-content\/uploads\/2025\/10\/Verstand-ausschalten-0.jpg",424,599,false],"woocommerce_thumbnail":["https:\/\/bjelac.com\/wp-content\/uploads\/2025\/10\/Verstand-ausschalten-0-300x424.jpg",300,424,true],"woocommerce_single":["https:\/\/bjelac.com\/wp-content\/uploads\/2025\/10\/Verstand-ausschalten-0.jpg",424,599,false],"woocommerce_gallery_thumbnail":["https:\/\/bjelac.com\/wp-content\/uploads\/2025\/10\/Verstand-ausschalten-0-100x100.jpg",100,100,true]},"uagb_author_info":{"display_name":"dusko","author_link":"https:\/\/bjelac.com\/sr\/author\/"},"uagb_comment_info":3,"uagb_excerpt":"Lerne, deine Energie auf das Positive zu lenken \u2013 nicht gegen etwas zu k\u00e4mpfen, sondern f\u00fcr etwas zu leben.Wenn du Liebe in dir tr\u00e4gst, verschwindet Hass von selbst.Wenn du das Gute siehst, l\u00f6st sich das Negative auf. Himmel und H\u00f6lle sind keine Orte \u2013 sie sind Zust\u00e4nde des Geistes.Wer sich selbst erkennt, findet Frieden und&hellip;","jetpack_sharing_enabled":true,"_links":{"self":[{"href":"https:\/\/bjelac.com\/sr\/wp-json\/wp\/v2\/product\/1944","targetHints":{"allow":["GET"]}}],"collection":[{"href":"https:\/\/bjelac.com\/sr\/wp-json\/wp\/v2\/product"}],"about":[{"href":"https:\/\/bjelac.com\/sr\/wp-json\/wp\/v2\/types\/product"}],"replies":[{"embeddable":true,"href":"https:\/\/bjelac.com\/sr\/wp-json\/wp\/v2\/comments?post=1944"}],"wp:featuredmedia":[{"embeddable":true,"href":"https:\/\/bjelac.com\/sr\/wp-json\/wp\/v2\/media\/1945"}],"wp:attachment":[{"href":"https:\/\/bjelac.com\/sr\/wp-json\/wp\/v2\/media?parent=1944"}],"wp:term":[{"taxonomy":"product_brand","embeddable":true,"href":"https:\/\/bjelac.com\/sr\/wp-json\/wp\/v2\/product_brand?post=1944"},{"taxonomy":"product_cat","embeddable":true,"href":"https:\/\/bjelac.com\/sr\/wp-json\/wp\/v2\/product_cat?post=1944"},{"taxonomy":"product_tag","embeddable":true,"href":"https:\/\/bjelac.com\/sr\/wp-json\/wp\/v2\/product_tag?post=1944"}],"curies":[{"name":"wp","href":"https:\/\/api.w.org\/{rel}","templated":true}]}}