{"id":2173,"date":"2025-12-14T15:13:20","date_gmt":"2025-12-14T15:13:20","guid":{"rendered":"https:\/\/books.bjelac.com\/?page_id=2173"},"modified":"2025-12-14T15:21:15","modified_gmt":"2025-12-14T15:21:15","slug":"widerrufsformular","status":"publish","type":"page","link":"https:\/\/bjelac.com\/sr\/widerrufsformular\/","title":{"rendered":"Obrazac za raskid ugovora"},"content":{"rendered":"<div class=\"wp-block-uagb-container uagb-block-88eeecef alignfull uagb-is-root-container\"><div class=\"uagb-container-inner-blocks-wrap\">\n<div class=\"wp-block-uagb-advanced-heading uagb-block-179e0a91\"><h1 class=\"uagb-heading-text\">Obrazac za raskid ugovora<\/h1><p class=\"uagb-desc-text\">Ovde mo\u017eete jednostavno i prakti\u010dno podneti svoj zahtev za odustanak od porud\u017ebine.<\/p><\/div>\n<\/div><\/div>\n\n\n\n<div class=\"wp-block-uagb-container uagb-block-f6f083c7 alignfull uagb-is-root-container\"><div class=\"uagb-container-inner-blocks-wrap\">\n<div class=\"wp-block-contact-form-7-contact-form-selector\">\n<div class=\"wpcf7 no-js\" id=\"wpcf7-f2169-o1\" lang=\"en-US\" dir=\"ltr\" data-wpcf7-id=\"2169\">\n<div class=\"screen-reader-response\"><p role=\"status\" aria-live=\"polite\" aria-atomic=\"true\"><\/p> <ul><\/ul><\/div>\n<form action=\"\/sr\/wp-json\/wp\/v2\/pages\/2173#wpcf7-f2169-o1\" method=\"post\" class=\"wpcf7-form init\" aria-label=\"Contact form\" novalidate=\"novalidate\" data-status=\"init\" data-trp-original-action=\"\/sr\/wp-json\/wp\/v2\/pages\/2173#wpcf7-f2169-o1\">\n<fieldset class=\"hidden-fields-container\"><input type=\"hidden\" name=\"_wpcf7\" value=\"2169\" \/><input type=\"hidden\" name=\"_wpcf7_version\" value=\"6.1.5\" \/><input type=\"hidden\" name=\"_wpcf7_locale\" value=\"en_US\" \/><input type=\"hidden\" name=\"_wpcf7_unit_tag\" value=\"wpcf7-f2169-o1\" \/><input type=\"hidden\" name=\"_wpcf7_container_post\" value=\"0\" \/><input type=\"hidden\" name=\"_wpcf7_posted_data_hash\" value=\"\" \/>\n<\/fieldset>\n<p><br \/>\nAko \u017eelite da odustanete od ugovora, molimo vas da popunite ovaj obrazac i po\u0161aljete ga.\n<\/p>\n<hr \/>\n<p><strong>1. Podaci o kupcu<\/strong>\n<\/p>\n<p><br \/>\n<label>Va\u0161e ime (obavezno polje)<br \/>\n<span class=\"wpcf7-form-control-wrap\" data-name=\"your-name\"><input size=\"40\" maxlength=\"400\" class=\"wpcf7-form-control wpcf7-text wpcf7-validates-as-required\" aria-required=\"true\" aria-invalid=\"false\" value=\"\" type=\"text\" name=\"your-name\" \/><\/span><\/label>\n<\/p>\n<p><br \/>\n<label>E-mail adresa (obavezno polje)<br \/>\n<span class=\"wpcf7-form-control-wrap\" data-name=\"your-email\"><input size=\"40\" maxlength=\"400\" class=\"wpcf7-form-control wpcf7-email wpcf7-validates-as-required wpcf7-text wpcf7-validates-as-email\" aria-required=\"true\" aria-invalid=\"false\" value=\"\" type=\"email\" name=\"your-email\" \/><\/span><\/label>\n<\/p>\n<p><br \/>\n<label>Broj telefona (opciono)<br \/>\n<span class=\"wpcf7-form-control-wrap\" data-name=\"your-phone\"><input size=\"40\" maxlength=\"400\" class=\"wpcf7-form-control wpcf7-tel wpcf7-text wpcf7-validates-as-tel\" aria-invalid=\"false\" value=\"\" type=\"tel\" name=\"your-phone\" \/><\/span><\/label>\n<\/p>\n<hr \/>\n<p><strong>2. Podaci o porud\u017ebini<\/strong>\n<\/p>\n<p><br \/>\n<label>Broj porud\u017ebine (obavezno polje)<br \/>\n<span class=\"wpcf7-form-control-wrap\" data-name=\"order-number\"><input size=\"40\" maxlength=\"400\" class=\"wpcf7-form-control wpcf7-text wpcf7-validates-as-required\" aria-required=\"true\" aria-invalid=\"false\" value=\"\" type=\"text\" name=\"order-number\" \/><\/span><\/label>\n<\/p>\n<p><br \/>\n<label>Datum porud\u017ebine<br \/>\n<span class=\"wpcf7-form-control-wrap\" data-name=\"order-date\"><input class=\"wpcf7-form-control wpcf7-date wpcf7-validates-as-date\" aria-invalid=\"false\" value=\"\" type=\"date\" name=\"order-date\" \/><\/span><\/label>\n<\/p>\n<p><br \/>\n<label>Primljeno dana (datum isporuke)<br \/>\n<span class=\"wpcf7-form-control-wrap\" data-name=\"delivery-date\"><input class=\"wpcf7-form-control wpcf7-date wpcf7-validates-as-date\" aria-invalid=\"false\" value=\"\" type=\"date\" name=\"delivery-date\" \/><\/span><\/label>\n<\/p>\n<hr \/>\n<p><strong>3. Proizvod<\/strong>\n<\/p>\n<p><br \/>\n<label>Naziv knjige<br \/>\n<span class=\"wpcf7-form-control-wrap\" data-name=\"book-title\"><input size=\"40\" maxlength=\"400\" class=\"wpcf7-form-control wpcf7-text\" aria-invalid=\"false\" value=\"\" type=\"text\" name=\"book-title\" \/><\/span><\/label>\n<\/p>\n<p><br \/>\n<label>Koli\u010dina<br \/>\n<span class=\"wpcf7-form-control-wrap\" data-name=\"book-quantity\"><input class=\"wpcf7-form-control wpcf7-number wpcf7-validates-as-number\" min=\"1\" aria-invalid=\"false\" value=\"\" type=\"number\" name=\"book-quantity\" \/><\/span><\/label>\n<\/p>\n<hr \/>\n<p><strong>4. Razlog odustanka (opciono)<\/strong>\n<\/p>\n<p><br \/>\n<span class=\"wpcf7-form-control-wrap\" data-name=\"reason\"><textarea cols=\"40\" rows=\"10\" maxlength=\"2000\" class=\"wpcf7-form-control wpcf7-textarea\" aria-invalid=\"false\" placeholder=\"Opciono: Za\u0161to \u017eelite da odustanete od ovog artikla?\" name=\"reason\"><\/textarea><\/span>\n<\/p>\n<hr \/>\n<p><strong>5. Povra\u0107aj novca<\/strong>\n<\/p>\n<p><br \/>\n<span class=\"wpcf7-form-control-wrap\" data-name=\"refund-method\"><span class=\"wpcf7-form-control wpcf7-radio\"><span class=\"wpcf7-list-item first\"><label><input type=\"radio\" name=\"refund-method\" value=\"R\u00fcckerstattung \u00fcber urspr\u00fcngliche Zahlungsmethode\" \/><span class=\"wpcf7-list-item-label\">Povra\u0107aj novca putem originalnog na\u010dina pla\u0107anja<\/span><\/label><\/span><span class=\"wpcf7-list-item last\"><label><input type=\"radio\" name=\"refund-method\" value=\"Gutschein\" \/><span class=\"wpcf7-list-item-label\">Poklon-bon<\/span><\/label><\/span><\/span><\/span>\n<\/p>\n<hr \/>\n<p><strong>6. Izjava<\/strong>\n<\/p>\n<p><br \/>\n<span class=\"wpcf7-form-control-wrap\" data-name=\"acceptance-privacy\"><span class=\"wpcf7-form-control wpcf7-acceptance\"><span class=\"wpcf7-list-item\"><label><input type=\"checkbox\" name=\"acceptance-privacy\" value=\"1\" aria-invalid=\"false\" \/><span class=\"wpcf7-list-item-label\">Potvr\u0111ujem da \u017eelim da odustanem od ugovora o kupovini gore navedene robe.\nPrimio\/la sam k znanju da su digitalni proizvodi isklju\u010deni iz prava na odustanak.<\/span><\/label><\/span><\/span><\/span>\n<\/p>\n<p><br \/>\n<div class=\"cf7-cf-turnstile\" style=\"margin-top: 0px; margin-bottom: -15px;\"> <div id=\"cf-turnstile-cf7-3479880034\" class=\"cf-turnstile\" data-sitekey=\"0x4AAAAAACwTy2nlxj_Pxwz-\" data-theme=\"light\" data-language=\"auto\" data-size=\"normal\" data-retry=\"auto\" data-retry-interval=\"1000\" data-refresh-expired=\"auto\" data-refresh-timeout=\"auto\" data-action=\"contact-form-7\" data-callback=\"turnstileCF7Callback\" data-appearance=\"always\"><\/div> <script>document.addEventListener(\"DOMContentLoaded\", function() { setTimeout(function(){ var e=document.getElementById(\"cf-turnstile-cf7-3479880034\"); if(e&&!e.innerHTML.trim()){turnstile.render(e, {sitekey:\"0x4AAAAAACwTy2nlxj_Pxwz-\"});} }, 200); });<\/script> <br class=\"cf-turnstile-br cf-turnstile-br-cf7-3479880034\"> <style>#cf-turnstile-cf7-3479880034 { margin-left: -15px; }<\/style> <script>document.addEventListener(\"DOMContentLoaded\",function(){document.querySelectorAll('.wpcf7-form').forEach(function(e){e.addEventListener('submit',function(){if(document.getElementById('cf-turnstile-cf7-3479880034')){setTimeout(function(){turnstile.reset('#cf-turnstile-cf7-3479880034');},1000)}})})});<\/script> <\/div><br\/><input class=\"wpcf7-form-control wpcf7-submit has-spinner\" type=\"submit\" value=\"Po\u0161alji zahtev za odustanak\" \/>\n<\/p><div class=\"wpcf7-response-output\" aria-hidden=\"true\"><\/div>\n<input type=\"hidden\" name=\"trp-form-language\" value=\"sr\"\/><\/form>\n<\/div>\n<\/div>\n<\/div><\/div>\n\n\n\n<div class=\"wp-block-uagb-container uagb-block-93a8aea0 alignfull uagb-is-root-container\"><div class=\"uagb-container-inner-blocks-wrap\"><\/div><\/div>\n\n\n\n<p><\/p>","protected":false},"excerpt":{"rendered":"<p>Widerrufsformular Hier k\u00f6nnen Sie Ihren Widerruf f\u00fcr eine Bestellung einfach und bequem einreichen.<\/p>","protected":false},"author":1,"featured_media":0,"parent":0,"menu_order":0,"comment_status":"closed","ping_status":"closed","template":"","meta":{"_surecart_dashboard_logo_width":"180px","_surecart_dashboard_show_logo":true,"_surecart_dashboard_navigation_orders":true,"_surecart_dashboard_navigation_invoices":true,"_surecart_dashboard_navigation_subscriptions":true,"_surecart_dashboard_navigation_downloads":true,"_surecart_dashboard_navigation_billing":true,"_surecart_dashboard_navigation_account":true,"_uag_custom_page_level_css":"","site-sidebar-layout":"default","site-content-layout":"plain-container","ast-site-content-layout":"normal-width-container","site-content-style":"unboxed","site-sidebar-style":"unboxed","ast-global-header-display":"","ast-banner-title-visibility":"","ast-main-header-display":"","ast-hfb-above-header-display":"","ast-hfb-below-header-display":"","ast-hfb-mobile-header-display":"","site-post-title":"disabled","ast-breadcrumbs-content":"","ast-featured-img":"","footer-sml-layout":"","ast-disable-related-posts":"","theme-transparent-header-meta":"enabled","adv-header-id-meta":"","stick-header-meta":"","header-above-stick-meta":"","header-main-stick-meta":"","header-below-stick-meta":"","astra-migrate-meta-layouts":"set","ast-page-background-enabled":"default","ast-page-background-meta":{"desktop":{"background-color":"","background-image":"","background-repeat":"repeat","background-position":"center center","background-size":"auto","background-attachment":"scroll","background-type":"","background-media":"","overlay-type":"","overlay-color":"","overlay-opacity":"","overlay-gradient":""},"tablet":{"background-color":"","background-image":"","background-repeat":"repeat","background-position":"center center","background-size":"auto","background-attachment":"scroll","background-type":"","background-media":"","overlay-type":"","overlay-color":"","overlay-opacity":"","overlay-gradient":""},"mobile":{"background-color":"","background-image":"","background-repeat":"repeat","background-position":"center center","background-size":"auto","background-attachment":"scroll","background-type":"","background-media":"","overlay-type":"","overlay-color":"","overlay-opacity":"","overlay-gradient":""}},"ast-content-background-meta":{"desktop":{"background-color":"var(--ast-global-color-5)","background-image":"","background-repeat":"repeat","background-position":"center center","background-size":"auto","background-attachment":"scroll","background-type":"","background-media":"","overlay-type":"","overlay-color":"","overlay-opacity":"","overlay-gradient":""},"tablet":{"background-color":"var(--ast-global-color-5)","background-image":"","background-repeat":"repeat","background-position":"center center","background-size":"auto","background-attachment":"scroll","background-type":"","background-media":"","overlay-type":"","overlay-color":"","overlay-opacity":"","overlay-gradient":""},"mobile":{"background-color":"var(--ast-global-color-5)","background-image":"","background-repeat":"repeat","background-position":"center center","background-size":"auto","background-attachment":"scroll","background-type":"","background-media":"","overlay-type":"","overlay-color":"","overlay-opacity":"","overlay-gradient":""}},"footnotes":""},"class_list":["post-2173","page","type-page","status-publish","hentry"],"uagb_featured_image_src":{"full":false,"thumbnail":false,"medium":false,"medium_large":false,"large":false,"1536x1536":false,"2048x2048":false,"trp-custom-language-flag":false,"mailpoet_newsletter_max":false,"woocommerce_thumbnail":false,"woocommerce_single":false,"woocommerce_gallery_thumbnail":false},"uagb_author_info":{"display_name":"dusko","author_link":"https:\/\/bjelac.com\/sr\/author\/dusko\/"},"uagb_comment_info":0,"uagb_excerpt":"Widerrufsformular Hier k\u00f6nnen Sie Ihren Widerruf f\u00fcr eine Bestellung einfach und bequem einreichen.","jetpack_sharing_enabled":true,"_links":{"self":[{"href":"https:\/\/bjelac.com\/sr\/wp-json\/wp\/v2\/pages\/2173","targetHints":{"allow":["GET"]}}],"collection":[{"href":"https:\/\/bjelac.com\/sr\/wp-json\/wp\/v2\/pages"}],"about":[{"href":"https:\/\/bjelac.com\/sr\/wp-json\/wp\/v2\/types\/page"}],"author":[{"embeddable":true,"href":"https:\/\/bjelac.com\/sr\/wp-json\/wp\/v2\/users\/1"}],"replies":[{"embeddable":true,"href":"https:\/\/bjelac.com\/sr\/wp-json\/wp\/v2\/comments?post=2173"}],"version-history":[{"count":8,"href":"https:\/\/bjelac.com\/sr\/wp-json\/wp\/v2\/pages\/2173\/revisions"}],"predecessor-version":[{"id":2182,"href":"https:\/\/bjelac.com\/sr\/wp-json\/wp\/v2\/pages\/2173\/revisions\/2182"}],"wp:attachment":[{"href":"https:\/\/bjelac.com\/sr\/wp-json\/wp\/v2\/media?parent=2173"}],"curies":[{"name":"wp","href":"https:\/\/api.w.org\/{rel}","templated":true}]}}