{"id":2102,"date":"2025-10-26T13:25:35","date_gmt":"2025-10-26T13:25:35","guid":{"rendered":"https:\/\/books.bjelac.com\/?page_id=2102"},"modified":"2025-12-14T15:33:29","modified_gmt":"2025-12-14T15:33:29","slug":"recht","status":"publish","type":"page","link":"https:\/\/bjelac.com\/sr\/recht\/","title":{"rendered":"Pravo"},"content":{"rendered":"<div class=\"wp-block-uagb-container uagb-block-669fbcf8 alignfull uagb-is-root-container\"><div class=\"uagb-container-inner-blocks-wrap\">\n<div class=\"wp-block-uagb-advanced-heading uagb-block-dbc363b8\"><h1 class=\"uagb-heading-text\"><strong>Pravo<\/strong>\u200b<\/h1><p class=\"uagb-desc-text\">Ovde \u0107e\u0161 prona\u0107i sve pravne napomene u vezi sa na\u0161im knjigama i ponudama.<br>Transparentnost i poverenje su nam va\u017eni \u2014 zato ti sve informacije o autorskim pravima, za\u0161titi podataka, ugovornim uslovima i pravu na odustanak pru\u017eamo jasno i pregledno.<\/p><\/div>\n<\/div><\/div>\n\n\n\n<div class=\"wp-block-uagb-container uagb-block-85a111f8 alignfull uagb-is-root-container\"><div class=\"uagb-container-inner-blocks-wrap\">\n<div class=\"wp-block-uagb-inline-notice uagb-inline_notice__align-left uagb-block-32e606cf\"><button class=\"uagb-notice-close-button\" type=\"button\" aria-label=\"Close\"><\/button><h4 class=\"uagb-notice-title\">Autorsko pravo<\/h4><div class=\"uagb-notice-text\">\n<p><strong>Sva prava zadr\u017eana!<\/strong><br>Knjige se ne smeju ni na koji na\u010din, ni u celini ni delimi\u010dno, prevoditi, reprodukovati, digitalizovati ili na bilo koji drugi na\u010din umno\u017eavati. Izuzetak predstavlja \u2014 u pojedina\u010dnim slu\u010dajevima \u2014 pisana dozvola zatra\u017eena od autora i od njega odobrena (po pravilu vremenski ograni\u010dena).<br>Automatizovana analiza dela radi dobijanja informacija, naro\u010dito o obrascima, trendovima i korelacijama u skladu sa \u00a7 44b UrhG (\u201eText and Data Mining\u201c), nije dozvoljena.<\/p>\n<\/div><\/div>\n<\/div><\/div>\n\n\n\n<div class=\"wp-block-uagb-container uagb-block-8c7d9efe alignfull uagb-is-root-container\"><div class=\"uagb-container-inner-blocks-wrap\">\n<p><\/p>\n<\/div><\/div>\n\n\n\n<div class=\"wp-block-uagb-container uagb-block-abb3a5bf alignfull uagb-is-root-container\"><div class=\"uagb-container-inner-blocks-wrap\">\n<div class=\"wp-block-uagb-inline-notice uagb-inline_notice__align-left uagb-block-45202c7b\"><button class=\"uagb-notice-close-button\" type=\"button\" aria-label=\"Close\"><\/button><h4 class=\"uagb-notice-title\">Ugovorno pravo<\/h4><div class=\"uagb-notice-text\">\n<p>\u2013 Porud\u017ebinom se zaklju\u010duje pravno obavezuju\u0107i kupoprodajni ugovor, u skladu sa \u00a7 433 BGB-a.<br>\u2013&nbsp;<strong>Va\u017ee\u0107e pravo:<\/strong>&nbsp;U na\u010delu se primenjuje nema\u010dko pravo.<\/p>\n<\/div><\/div>\n<\/div><\/div>\n\n\n\n<div class=\"wp-block-uagb-container uagb-block-1757027d alignfull uagb-is-root-container\"><div class=\"uagb-container-inner-blocks-wrap\">\n<p><\/p>\n<\/div><\/div>\n\n\n\n<div class=\"wp-block-uagb-container uagb-block-7dd2f7c8 alignfull uagb-is-root-container\"><div class=\"uagb-container-inner-blocks-wrap\">\n<div class=\"wp-block-uagb-inline-notice uagb-inline_notice__align-left uagb-block-6f93d2fd\"><button class=\"uagb-notice-close-button\" type=\"button\" aria-label=\"Close\"><\/button><h4 class=\"uagb-notice-title\">Za\u0161tita podataka<\/h4><div class=\"uagb-notice-text\">\n<p><a href=\"https:\/\/bjelac.com\/wp-content\/uploads\/2025\/12\/Datenschutzerklarung.pdf\" target=\"_blank\" rel=\"noreferrer noopener\">Izjava o za\u0161titi podataka<\/a><\/p>\n<\/div><\/div>\n<\/div><\/div>\n\n\n\n<div class=\"wp-block-uagb-container uagb-block-3667422b alignfull uagb-is-root-container\"><div class=\"uagb-container-inner-blocks-wrap\">\n<p><\/p>\n<\/div><\/div>\n\n\n\n<div class=\"wp-block-uagb-container uagb-block-39cdf3b5 alignfull uagb-is-root-container\"><div class=\"uagb-container-inner-blocks-wrap\">\n<div class=\"wp-block-uagb-inline-notice uagb-inline_notice__align-left uagb-block-0a765620\"><button class=\"uagb-notice-close-button\" type=\"button\" aria-label=\"Close\"><\/button><h4 class=\"uagb-notice-title\"><strong>Pouka o pravu na odustanak i reklamacija<\/strong><\/h4><div class=\"uagb-notice-text\">\n<p>\u2013 <a href=\"https:\/\/bjelac.com\/wp-content\/uploads\/2025\/12\/4.-Widerrufsbelehrung.pdf\" data-type=\"page\" data-id=\"2173\" target=\"_blank\" rel=\"noreferrer noopener\">Obave\u0161tenje o pravu na odustanak<\/a><\/p>\n\n\n\n<p>\u2013 <a href=\"https:\/\/bjelac.com\/sr\/widerrufsformular\/\" data-type=\"page\" data-id=\"2173\">Obrazac za raskid ugovora<\/a><\/p>\n\n\n\n<p>Knjige su pa\u017eljivo izra\u0111ene. Ipak, ne preuzimamo odgovornost za ta\u010dnost navoda, informacija i saveta, kao ni za eventualne \u0161tamparske gre\u0161ke.<\/p>\n\n\n\n<p>Za knjige koje su isporu\u010dene o\u0161te\u0107ene, kupac mo\u017ee zahtevati neo\u0161te\u0107enu zamensku isporuku ili povra\u0107aj kupoprodajne cene. Zahtev mora biti podnet u pisanom obliku i najkasnije u roku od 7 kalendarskih dana od prijema po\u0161iljke. Reklamacije iz drugih razloga su isklju\u010dene.<\/p>\n<\/div><\/div>\n<\/div><\/div>\n\n\n\n<div class=\"wp-block-uagb-container uagb-block-c5774fda alignfull uagb-is-root-container\"><div class=\"uagb-container-inner-blocks-wrap\">\n<p><\/p>\n<\/div><\/div>\n\n\n\n<div class=\"wp-block-uagb-container uagb-block-d4253613 alignfull uagb-is-root-container\"><div class=\"uagb-container-inner-blocks-wrap\">\n<div class=\"wp-block-uagb-inline-notice uagb-inline_notice__align-left uagb-block-ed1ad114\"><button class=\"uagb-notice-close-button\" type=\"button\" aria-label=\"Close\"><\/button><h4 class=\"uagb-notice-title\"><strong><strong>Op\u0161ti uslovi poslovanja<\/strong><\/strong><\/h4><div class=\"uagb-notice-text\">\n<p><a href=\"https:\/\/bjelac.com\/wp-content\/uploads\/2025\/12\/AGB-Allgemeine-Geschaftsbedingungen-1.pdf\" target=\"_blank\" rel=\"noreferrer noopener\">\u2013 Op\u0161ti uslovi poslovanja<\/a><\/p>\n<\/div><\/div>\n<\/div><\/div>\n\n\n\n<div class=\"wp-block-uagb-container uagb-block-26418807 alignfull uagb-is-root-container\"><div class=\"uagb-container-inner-blocks-wrap\"><\/div><\/div>\n\n\n\n<p><\/p>","protected":false},"excerpt":{"rendered":"<p>Recht\u200b Hier findest du alle rechtlichen Hinweise zu unseren B\u00fcchern und Angeboten.Transparenz und Vertrauen sind uns wichtig \u2013 daher stellen wir dir s\u00e4mtliche Informationen zu Urheberrecht, Datenschutz, Vertragsbedingungen und Widerruf \u00fcbersichtlich zur Verf\u00fcgung.<\/p>","protected":false},"author":1,"featured_media":0,"parent":0,"menu_order":0,"comment_status":"closed","ping_status":"closed","template":"","meta":{"_surecart_dashboard_logo_width":"180px","_surecart_dashboard_show_logo":true,"_surecart_dashboard_navigation_orders":true,"_surecart_dashboard_navigation_invoices":true,"_surecart_dashboard_navigation_subscriptions":true,"_surecart_dashboard_navigation_downloads":true,"_surecart_dashboard_navigation_billing":true,"_surecart_dashboard_navigation_account":true,"_uag_custom_page_level_css":"","site-sidebar-layout":"default","site-content-layout":"plain-container","ast-site-content-layout":"normal-width-container","site-content-style":"unboxed","site-sidebar-style":"unboxed","ast-global-header-display":"","ast-banner-title-visibility":"","ast-main-header-display":"","ast-hfb-above-header-display":"","ast-hfb-below-header-display":"","ast-hfb-mobile-header-display":"","site-post-title":"disabled","ast-breadcrumbs-content":"","ast-featured-img":"","footer-sml-layout":"","ast-disable-related-posts":"","theme-transparent-header-meta":"enabled","adv-header-id-meta":"","stick-header-meta":"","header-above-stick-meta":"","header-main-stick-meta":"","header-below-stick-meta":"","astra-migrate-meta-layouts":"set","ast-page-background-enabled":"default","ast-page-background-meta":{"desktop":{"background-color":"","background-image":"","background-repeat":"repeat","background-position":"center center","background-size":"auto","background-attachment":"scroll","background-type":"","background-media":"","overlay-type":"","overlay-color":"","overlay-opacity":"","overlay-gradient":""},"tablet":{"background-color":"","background-image":"","background-repeat":"repeat","background-position":"center center","background-size":"auto","background-attachment":"scroll","background-type":"","background-media":"","overlay-type":"","overlay-color":"","overlay-opacity":"","overlay-gradient":""},"mobile":{"background-color":"","background-image":"","background-repeat":"repeat","background-position":"center center","background-size":"auto","background-attachment":"scroll","background-type":"","background-media":"","overlay-type":"","overlay-color":"","overlay-opacity":"","overlay-gradient":""}},"ast-content-background-meta":{"desktop":{"background-color":"var(--ast-global-color-5)","background-image":"","background-repeat":"repeat","background-position":"center center","background-size":"auto","background-attachment":"scroll","background-type":"","background-media":"","overlay-type":"","overlay-color":"","overlay-opacity":"","overlay-gradient":""},"tablet":{"background-color":"var(--ast-global-color-5)","background-image":"","background-repeat":"repeat","background-position":"center center","background-size":"auto","background-attachment":"scroll","background-type":"","background-media":"","overlay-type":"","overlay-color":"","overlay-opacity":"","overlay-gradient":""},"mobile":{"background-color":"var(--ast-global-color-5)","background-image":"","background-repeat":"repeat","background-position":"center center","background-size":"auto","background-attachment":"scroll","background-type":"","background-media":"","overlay-type":"","overlay-color":"","overlay-opacity":"","overlay-gradient":""}},"footnotes":""},"class_list":["post-2102","page","type-page","status-publish","hentry"],"uagb_featured_image_src":{"full":false,"thumbnail":false,"medium":false,"medium_large":false,"large":false,"1536x1536":false,"2048x2048":false,"trp-custom-language-flag":false,"mailpoet_newsletter_max":false,"woocommerce_thumbnail":false,"woocommerce_single":false,"woocommerce_gallery_thumbnail":false},"uagb_author_info":{"display_name":"dusko","author_link":"https:\/\/bjelac.com\/sr\/author\/dusko\/"},"uagb_comment_info":0,"uagb_excerpt":"Recht\u200b Hier findest du alle rechtlichen Hinweise zu unseren B\u00fcchern und Angeboten.Transparenz und Vertrauen sind uns wichtig \u2013 daher stellen wir dir s\u00e4mtliche Informationen zu Urheberrecht, Datenschutz, Vertragsbedingungen und Widerruf \u00fcbersichtlich zur Verf\u00fcgung.","jetpack_sharing_enabled":true,"_links":{"self":[{"href":"https:\/\/bjelac.com\/sr\/wp-json\/wp\/v2\/pages\/2102","targetHints":{"allow":["GET"]}}],"collection":[{"href":"https:\/\/bjelac.com\/sr\/wp-json\/wp\/v2\/pages"}],"about":[{"href":"https:\/\/bjelac.com\/sr\/wp-json\/wp\/v2\/types\/page"}],"author":[{"embeddable":true,"href":"https:\/\/bjelac.com\/sr\/wp-json\/wp\/v2\/users\/1"}],"replies":[{"embeddable":true,"href":"https:\/\/bjelac.com\/sr\/wp-json\/wp\/v2\/comments?post=2102"}],"version-history":[{"count":17,"href":"https:\/\/bjelac.com\/sr\/wp-json\/wp\/v2\/pages\/2102\/revisions"}],"predecessor-version":[{"id":2187,"href":"https:\/\/bjelac.com\/sr\/wp-json\/wp\/v2\/pages\/2102\/revisions\/2187"}],"wp:attachment":[{"href":"https:\/\/bjelac.com\/sr\/wp-json\/wp\/v2\/media?parent=2102"}],"curies":[{"name":"wp","href":"https:\/\/api.w.org\/{rel}","templated":true}]}}