{"id":1572,"date":"2025-10-10T11:17:15","date_gmt":"2025-10-10T11:17:15","guid":{"rendered":"https:\/\/books.bjelac.com\/about-author\/"},"modified":"2025-10-26T17:13:57","modified_gmt":"2025-10-26T17:13:57","slug":"ueber-den-autor","status":"publish","type":"page","link":"https:\/\/bjelac.com\/sr\/ueber-den-autor\/","title":{"rendered":"O autoru"},"content":{"rendered":"<div class=\"wp-block-uagb-container uagb-block-f895fc73 alignfull uagb-is-root-container\"><div class=\"uagb-container-inner-blocks-wrap\">\n<div class=\"wp-block-uagb-advanced-heading uagb-block-6c022e35\"><h1 class=\"uagb-heading-text\">O autoru<\/h1><p class=\"uagb-desc-text\">Knjige Dragana Bjelca doti\u010du \u010ditateljke i \u010ditaoce \u0161irom sveta. Jasnim mislima i dubokom ljudsko\u0161\u0107u pi\u0161e o onome \u0161to nas sve povezuje \u2014 o svesti, ljubavi i putu ka samima sebi.<\/p><\/div>\n\n\n\n<div class=\"wp-block-uagb-container uagb-block-e8f667c8\">\n<div class=\"wp-block-uagb-container uagb-block-e5ce6044\">\n<div class=\"wp-block-uagb-image uagb-block-4ca590cf wp-block-uagb-image--layout-default wp-block-uagb-image--effect-static wp-block-uagb-image--align-none\"><figure class=\"wp-block-uagb-image__figure\"><img decoding=\"async\" srcset=\"https:\/\/bjelac.com\/wp-content\/uploads\/2021\/05\/author-book-store-biography-img-1.jpg , https:\/\/bjelac.com\/wp-content\/uploads\/2021\/05\/author-book-store-biography-img-1.jpg 360w\" sizes=\"auto, (max-width: 480px) 150px\" src=\"https:\/\/bjelac.com\/wp-content\/uploads\/2021\/05\/author-book-store-biography-img-1.jpg\" alt=\"\" class=\"uag-image-304\" width=\"400\" height=\"600\" title=\"\" loading=\"lazy\" role=\"img\"\/><\/figure><\/div>\n<\/div>\n\n\n\n<div class=\"wp-block-uagb-container uagb-block-e7e71223\">\n<div class=\"wp-block-uagb-image uagb-block-69d15a5b wp-block-uagb-image--layout-default wp-block-uagb-image--effect-static wp-block-uagb-image--align-none\"><figure class=\"wp-block-uagb-image__figure\"><img loading=\"lazy\" decoding=\"async\" srcset=\"https:\/\/bjelac.com\/wp-content\/uploads\/2025\/10\/IMG_20240913_184554_cut-775x1024.jpg ,https:\/\/bjelac.com\/wp-content\/uploads\/2025\/10\/IMG_20240913_184554_cut.jpg 780w, https:\/\/bjelac.com\/wp-content\/uploads\/2025\/10\/IMG_20240913_184554_cut.jpg 360w\" sizes=\"auto, (max-width: 480px) 150px\" src=\"https:\/\/bjelac.com\/wp-content\/uploads\/2025\/10\/IMG_20240913_184554_cut-775x1024.jpg\" alt=\"img 20240913 184554 cut\" class=\"uag-image-1956\" width=\"600\" height=\"600\" title=\"img 20240913 184554 cut\" role=\"img\"\/><\/figure><\/div>\n<\/div>\n\n\n\n<div class=\"wp-block-uagb-container uagb-block-be6a517c\">\n<div class=\"wp-block-uagb-info-box uagb-block-3b6afceb uagb-infobox__content-wrap  uagb-infobox-icon-above-title uagb-infobox-image-valign-top\"><div class=\"uagb-ifb-content\"><div class=\"uagb-ifb-icon-wrap\"><svg xmlns=\"https:\/\/www.w3.org\/2000\/svg\" viewbox=\"0 0 448 512\"><path d=\"M96 224C84.72 224 74.05 226.3 64 229.9V224c0-35.3 28.7-64 64-64c17.67 0 32-14.33 32-32S145.7 96 128 96C57.42 96 0 153.4 0 224v96c0 53.02 42.98 96 96 96s96-42.98 96-96S149 224 96 224zM352 224c-11.28 0-21.95 2.305-32 5.879V224c0-35.3 28.7-64 64-64c17.67 0 32-14.33 32-32s-14.33-32-32-32c-70.58 0-128 57.42-128 128v96c0 53.02 42.98 96 96 96s96-42.98 96-96S405 224 352 224z\"><\/path><\/svg><\/div><div class=\"uagb-ifb-title-wrap\"><h3 class=\"uagb-ifb-title\">Ljudi su robovi. Nijedna revolucija im ne mo\u017ee doneti slobodu. Samo svest o sebi mo\u017ee promeniti to stanje.<\/h3><\/div><p class=\"uagb-ifb-desc\">DRAGAN BJELAC\u200b<\/p><\/div><\/div>\n<\/div>\n<\/div>\n\n\n\n<div class=\"wp-block-uagb-container uagb-block-6bc1f041\">\n<div class=\"wp-block-uagb-advanced-heading uagb-block-0e243456\"><h2 class=\"uagb-heading-text\"><strong>AUTOBIOGRAFIJA<\/strong><\/h2><p class=\"uagb-desc-text\">Pregledam neke stare fotografije i vidim dete na jednoj slici. Deluje mi poznato, ali sva deca li\u010de jedno na drugo i ne mogu da se setim da sam ga ikada sreo. Odla\u017eem sliku i nastavljam dalje. Nailazim na fotografiju \u0111aka osnovne \u0161kole i prepoznajem ga. I\u0161ao sam s njim u \u0161kolu. Zvali su ga razli\u010ditim imenima, a on se uvek odazivao. Ponekad ljut, ponekad vrlo poslu\u0161an. Nisam razumeo za\u0161to, ali bio je \u0107udljiv i, iako stidljiv, \u010desto je upadao u razne sva\u0111e i de\u010dje tu\u010de. Mislim da je to razlog.<br><br>Listam dalje i ugledam jo\u0161 jednu poznatu figuru. Bio sam uz njega dok se mladi lisac \u0161unjao oko tu\u0111ih ograda, tra\u017ee\u0107i koko\u0161ku koja je zakasnila i nije na vreme potra\u017eila zaklon i sigurnost u ku\u0107i. Bilo je zanimljivo biti s njim, jer kad bi ne\u0161to osetio, doslovno bi \u017eario \u2014 sva \u010dula dostizala bi vrhunac osetljivosti, a zatim bi naglo popustila kada bi shvatio da je to \u0161u\u0161tanje na obli\u017enjem putu samo la\u017ena uzbuna. Vremenom je nau\u010dio kojim putem i u koje vreme koko\u0161ke naj\u010de\u0161\u0107e prolaze, pa je umesto nasumi\u010dne potrage radije \u010dekao u zasedi. Tako su \u0161anse da se sretnu bile ve\u0107e, ali i da nai\u0111e na neku prkosnu, koja bi se opirala \u010dim ga ugleda i \u010desto sna\u017eno kljucala. Ali on je bio uporan, jer nije bilo ni\u010deg sla\u0111eg od toga da zagrize so\u010dno i mekano meso koke. Navikao se na to. Jedva je \u010dekao ve\u010de da utoli glad.<br><br>Ka\u017ee se da sve \u0161to je lepo traje samo kratko, pa je tako do\u0161ao do zaklju\u010dka da je bolje povesti jednu sa sobom nego stalno biti izlo\u017een udarcima sudbine, kako od Boga tako i od ljudi. U po\u010detku se pla\u0161io da ona to ne\u0107e dugo izdr\u017eati, ali je vrlo brzo shvatio da je pred njom nemo\u0107an i da je ponekad bilo pametnije pobe\u0107i. I radi odmora, ali i zbog njenog o\u0161trog kljuna. Imao je ose\u0107aj da je to kljucanje dovela do savr\u0161enstva.<br><br>A onda smo se na neko vreme udaljili. On je krenuo drugim putevima, bavio se drugim stvarima i nije imao vremena za mene. Gotovo da nismo ni razgovarali. Sreli smo se mnogo kasnije, ili mi se bar \u010dinilo da je to on. Bio mi je poznat, ali je izgledao druga\u010dije i druga\u010dije je zvu\u010dao. Nekako umorno. Istro\u0161eno.<br>I sada mi se pogled muti, o\u010di se sklapaju, ali sebe jo\u0161 nisam video.<br><br><strong>Ko sam ja?<\/strong><br><\/p><\/div>\n<\/div>\n<\/div><\/div>\n\n\n\n<div class=\"wp-block-uagb-container uagb-block-3105c4bf alignfull uagb-is-root-container\"><div class=\"uagb-container-inner-blocks-wrap\"><\/div><\/div>\n\n\n\n<div class=\"wp-block-uagb-container uagb-block-002425d9 alignfull uagb-is-root-container\"><div class=\"uagb-container-inner-blocks-wrap\">\n<div class=\"wp-block-uagb-advanced-heading uagb-block-477b5fda\"><h5 class=\"uagb-heading-text\">Pregled objavljenih dela<\/h5><\/div>\n\n\n\n<div class=\"wp-block-uagb-testimonial uagb-slick-carousel uagb-tm__arrow-outside uagb-block-284ebb2e\"><div class=\"is-carousel uagb-tm__columns-1 uagb-tm__items\"><div class=\"uagb-testimonial__wrap  uagb-tm__imgicon-style-circle uagb-tm__image-position-bottom uagb-tm__bg-type-none\"><div class=\"uagb-tm__content\"><div class=\"uagb-tm__overlay\"><\/div><div class=\"uagb-tm__text-wrap\"><div class=\"uagb-tm__desc\">Prevod i objavljivanje tre\u0107e knjige u julu 2025. godine, pod naslovom: \u201e\u010caj za du\u0161u\u201c.<\/div><div class=\"uagb-tm__meta-inner\"><div class=\"uagb-testimonial-details\"><span class=\"uagb-tm__author-name\"><\/span><span class=\"uagb-tm__company\"><\/span><\/div><\/div><\/div><\/div><\/div><div class=\"uagb-testimonial__wrap  uagb-tm__imgicon-style-circle uagb-tm__image-position-bottom uagb-tm__bg-type-none\"><div class=\"uagb-tm__content\"><div class=\"uagb-tm__overlay\"><\/div><div class=\"uagb-tm__text-wrap\"><div class=\"uagb-tm__desc\">Prva knjiga objavljena 2019. godine, \u201e\u017divjeti druga\u010dije\u201d (\u201e\u017diveti druga\u010dije\u201d), na bosanskom jeziku.<\/div><div class=\"uagb-tm__meta-inner\"><div class=\"uagb-testimonial-details\"><span class=\"uagb-tm__author-name\"><\/span><span class=\"uagb-tm__company\"><\/span><\/div><\/div><\/div><\/div><\/div><div class=\"uagb-testimonial__wrap  uagb-tm__imgicon-style-circle uagb-tm__image-position-bottom uagb-tm__bg-type-none\"><div class=\"uagb-tm__content\"><div class=\"uagb-tm__overlay\"><\/div><div class=\"uagb-tm__text-wrap\"><div class=\"uagb-tm__desc\">Druga knjiga objavljena 2022. godine, \u201eIsklju\u010diti pamet\u201d (\u201eIsklju\u010diti um\u201d), na bosanskom jeziku.<\/div><div class=\"uagb-tm__meta-inner\"><div class=\"uagb-testimonial-details\"><span class=\"uagb-tm__author-name\"><\/span><span class=\"uagb-tm__company\"><\/span><\/div><\/div><\/div><\/div><\/div><div class=\"uagb-testimonial__wrap  uagb-tm__imgicon-style-circle uagb-tm__image-position-bottom uagb-tm__bg-type-none\"><div class=\"uagb-tm__content\"><div class=\"uagb-tm__overlay\"><\/div><div class=\"uagb-tm__text-wrap\"><div class=\"uagb-tm__desc\">Prevod i objavljivanje na nema\u010dkom jeziku 2024. godine, pod naslovom \u201eVerstand ausschalten\u201d.<\/div><div class=\"uagb-tm__meta-inner\"><div class=\"uagb-testimonial-details\"><span class=\"uagb-tm__author-name\"><\/span><span class=\"uagb-tm__company\"><\/span><\/div><\/div><\/div><\/div><\/div><div class=\"uagb-testimonial__wrap  uagb-tm__imgicon-style-circle uagb-tm__image-position-bottom uagb-tm__bg-type-none\"><div class=\"uagb-tm__content\"><div class=\"uagb-tm__overlay\"><\/div><div class=\"uagb-tm__text-wrap\"><div class=\"uagb-tm__desc\">Tre\u0107a knjiga je u pripremi i o\u010dekuje se da \u0107e biti objavljena u julu 2025. godine na bosanskom jeziku, pod naslovom \u201e\u010caj za du\u0161u\u201d.<\/div><div class=\"uagb-tm__meta-inner\"><div class=\"uagb-testimonial-details\"><span class=\"uagb-tm__author-name\"><\/span><span class=\"uagb-tm__company\"><\/span><\/div><\/div><\/div><\/div><\/div><\/div><\/div>\n<\/div><\/div>\n\n\n\n<p><\/p>","protected":false},"excerpt":{"rendered":"<p>\u00dcber den Autor Die B\u00fccher von Dragan Bjelac ber\u00fchren Leserinnen und Leser auf der ganzen Welt. Mit klaren Gedanken und tiefer Menschlichkeit schreibt er \u00fcber das, was uns alle verbindet \u2013 Bewusstsein, Liebe und den Weg zu uns selbst. AUTOBIOGRAPHIE\u200b Ich gehe ein paar alte Bilder durch und sehe ein Kind auf dem Bild. Es [&hellip;]<\/p>\n","protected":false},"author":1,"featured_media":0,"parent":0,"menu_order":0,"comment_status":"closed","ping_status":"closed","template":"","meta":{"_surecart_dashboard_logo_width":"180px","_surecart_dashboard_show_logo":true,"_surecart_dashboard_navigation_orders":true,"_surecart_dashboard_navigation_invoices":true,"_surecart_dashboard_navigation_subscriptions":true,"_surecart_dashboard_navigation_downloads":true,"_surecart_dashboard_navigation_billing":true,"_surecart_dashboard_navigation_account":true,"_uag_custom_page_level_css":"","site-sidebar-layout":"default","site-content-layout":"plain-container","ast-site-content-layout":"normal-width-container","site-content-style":"unboxed","site-sidebar-style":"unboxed","ast-global-header-display":"","ast-banner-title-visibility":"","ast-main-header-display":"","ast-hfb-above-header-display":"","ast-hfb-below-header-display":"","ast-hfb-mobile-header-display":"","site-post-title":"disabled","ast-breadcrumbs-content":"","ast-featured-img":"","footer-sml-layout":"","ast-disable-related-posts":"","theme-transparent-header-meta":"enabled","adv-header-id-meta":"","stick-header-meta":"","header-above-stick-meta":"","header-main-stick-meta":"","header-below-stick-meta":"","astra-migrate-meta-layouts":"set","ast-page-background-enabled":"default","ast-page-background-meta":{"desktop":{"background-color":"","background-image":"","background-repeat":"repeat","background-position":"center center","background-size":"auto","background-attachment":"scroll","background-type":"","background-media":"","overlay-type":"","overlay-color":"","overlay-opacity":"","overlay-gradient":""},"tablet":{"background-color":"","background-image":"","background-repeat":"repeat","background-position":"center center","background-size":"auto","background-attachment":"scroll","background-type":"","background-media":"","overlay-type":"","overlay-color":"","overlay-opacity":"","overlay-gradient":""},"mobile":{"background-color":"","background-image":"","background-repeat":"repeat","background-position":"center center","background-size":"auto","background-attachment":"scroll","background-type":"","background-media":"","overlay-type":"","overlay-color":"","overlay-opacity":"","overlay-gradient":""}},"ast-content-background-meta":{"desktop":{"background-color":"var(--ast-global-color-5)","background-image":"","background-repeat":"repeat","background-position":"center center","background-size":"auto","background-attachment":"scroll","background-type":"","background-media":"","overlay-type":"","overlay-color":"","overlay-opacity":"","overlay-gradient":""},"tablet":{"background-color":"var(--ast-global-color-5)","background-image":"","background-repeat":"repeat","background-position":"center center","background-size":"auto","background-attachment":"scroll","background-type":"","background-media":"","overlay-type":"","overlay-color":"","overlay-opacity":"","overlay-gradient":""},"mobile":{"background-color":"var(--ast-global-color-5)","background-image":"","background-repeat":"repeat","background-position":"center center","background-size":"auto","background-attachment":"scroll","background-type":"","background-media":"","overlay-type":"","overlay-color":"","overlay-opacity":"","overlay-gradient":""}},"footnotes":""},"class_list":["post-1572","page","type-page","status-publish","hentry"],"uagb_featured_image_src":{"full":false,"thumbnail":false,"medium":false,"medium_large":false,"large":false,"1536x1536":false,"2048x2048":false,"trp-custom-language-flag":false,"mailpoet_newsletter_max":false,"woocommerce_thumbnail":false,"woocommerce_single":false,"woocommerce_gallery_thumbnail":false},"uagb_author_info":{"display_name":"dusko","author_link":"https:\/\/bjelac.com\/sr\/author\/dusko\/"},"uagb_comment_info":0,"uagb_excerpt":"\u00dcber den Autor Die B\u00fccher von Dragan Bjelac ber\u00fchren Leserinnen und Leser auf der ganzen Welt. Mit klaren Gedanken und tiefer Menschlichkeit schreibt er \u00fcber das, was uns alle verbindet \u2013 Bewusstsein, Liebe und den Weg zu uns selbst. AUTOBIOGRAPHIE\u200b Ich gehe ein paar alte Bilder durch und sehe ein Kind auf dem Bild. Es&hellip;","jetpack_sharing_enabled":true,"_links":{"self":[{"href":"https:\/\/bjelac.com\/sr\/wp-json\/wp\/v2\/pages\/1572","targetHints":{"allow":["GET"]}}],"collection":[{"href":"https:\/\/bjelac.com\/sr\/wp-json\/wp\/v2\/pages"}],"about":[{"href":"https:\/\/bjelac.com\/sr\/wp-json\/wp\/v2\/types\/page"}],"author":[{"embeddable":true,"href":"https:\/\/bjelac.com\/sr\/wp-json\/wp\/v2\/users\/1"}],"replies":[{"embeddable":true,"href":"https:\/\/bjelac.com\/sr\/wp-json\/wp\/v2\/comments?post=1572"}],"version-history":[{"count":23,"href":"https:\/\/bjelac.com\/sr\/wp-json\/wp\/v2\/pages\/1572\/revisions"}],"predecessor-version":[{"id":2146,"href":"https:\/\/bjelac.com\/sr\/wp-json\/wp\/v2\/pages\/1572\/revisions\/2146"}],"wp:attachment":[{"href":"https:\/\/bjelac.com\/sr\/wp-json\/wp\/v2\/media?parent=1572"}],"curies":[{"name":"wp","href":"https:\/\/api.w.org\/{rel}","templated":true}]}}